{"id":451,"date":"2015-10-30T16:18:24","date_gmt":"2015-10-30T15:18:24","guid":{"rendered":"http:\/\/notariamariosignes.com\/enlaces\/"},"modified":"2020-11-28T13:52:43","modified_gmt":"2020-11-28T12:52:43","slug":"enlaces","status":"publish","type":"page","link":"https:\/\/notariamariosignes.com\/fr\/enlaces\/","title":{"rendered":"ENLACES"},"content":{"rendered":"<div   class='avia-fullscreen-slider main_color   avia-builder-el-0  el_before_av_section  avia-builder-el-first  container_wrap sidebar_right'  ><a href='#next-section' title='' class='scroll-down-link  avia-svg-icon avia-font-svg_entypo-fontello' data-av_svg_icon='down-open-mini' data-av_iconset='svg_entypo-fontello'><svg version=\"1.1\" xmlns=\"http:\/\/www.w3.org\/2000\/svg\" width=\"15\" height=\"32\" viewBox=\"0 0 15 32\" preserveAspectRatio=\"xMidYMid meet\" aria-labelledby='av-svg-title-1' aria-describedby='av-svg-desc-1' role=\"graphics-symbol\" aria-hidden=\"true\">\n<title id='av-svg-title-1'>Scroller vers la prochaine section<\/title>\n<desc id='av-svg-desc-1'>Scroller vers la prochaine section<\/desc>\n<path d=\"M12.96 12.16q0.704-0.832 1.536 0 0.832 0.704 0 1.536l-6.272 6.144q-0.704 0.704-1.536 0l-6.272-6.144q-0.832-0.832 0-1.536 0.768-0.768 1.6 0l5.44 4.992z\"><\/path>\n<\/svg><\/a><div  class='avia-slideshow av-av_fullscreen-2f3ebc4dee59d422d05c5b61dd5b2e1b avia-slideshow-extra_large av_fullscreen avia-slide-slider av-slideshow-ui av-slideshow-manual av-loop-once av-loop-manual-endless av-slider-scroll-down-active av-default-height-applied   avia-slideshow-1' data-slideshow-options=\"{&quot;animation&quot;:&quot;slide&quot;,&quot;autoplay&quot;:false,&quot;loop_autoplay&quot;:&quot;once&quot;,&quot;interval&quot;:5,&quot;loop_manual&quot;:&quot;manual-endless&quot;,&quot;autoplay_stopper&quot;:false,&quot;noNavigation&quot;:false,&quot;bg_slider&quot;:true,&quot;keep_padding&quot;:false,&quot;hoverpause&quot;:false,&quot;show_slide_delay&quot;:0,&quot;slide_height&quot;:&quot;100&quot;,&quot;image_attachment&quot;:&quot;&quot;}\"  itemprop=\"image\" itemscope=\"itemscope\" itemtype=\"https:\/\/schema.org\/ImageObject\" ><ul class='avia-slideshow-inner ' style='padding-bottom: 66.866666666667%;'><li style='background-position:top center;' data-img-url='https:\/\/notariamariosignes.com\/wp-content\/uploads\/2015\/10\/Notarias-Alicante-3-1500x1003.jpg' class='avia-slideshow-slide av-av_fullscreen-2f3ebc4dee59d422d05c5b61dd5b2e1b__0  av-single-slide slide-1 slide-odd'><div data-rel='slideshow-1' class='avia-slide-wrap '   ><\/div><\/li><\/ul><div class='av-slideshow-caption av-av_fullscreen-2f3ebc4dee59d422d05c5b61dd5b2e1b__0 caption_fullwidth caption_left caption_left_framed caption_framed'><div class=\"container caption_container\"><div class=\"slideshow_caption\"><div class=\"slideshow_inner_caption\"><div class=\"slideshow_align_caption\"><h2 class='avia-caption-title '  itemprop=\"name\" >Liens d\u2019int\u00e9r\u00eat<\/h2><div class='avia-caption-content '  itemprop=\"description\" ><p>Aller aux organismes les plus importants<\/p>\n<\/div><\/div><\/div><\/div><\/div><\/div><\/div><\/div>\n\n<style type=\"text\/css\" data-created_by=\"avia_inline_auto\" id=\"style-css-av-av_section-36fa0073fe44792eb0354f2ce9e8fe4b\">\n.avia-section.av-av_section-36fa0073fe44792eb0354f2ce9e8fe4b{\nbackground-repeat:no-repeat;\nbackground-image:url(https:\/\/notariamariosignes.com\/wp-content\/uploads\/2015\/10\/marca-de-agua.jpg);\nbackground-position:0% 0%;\nbackground-attachment:scroll;\n}\n<\/style>\n<div id='av_section_1'  class='avia-section av-av_section-36fa0073fe44792eb0354f2ce9e8fe4b main_color avia-section-default avia-no-shadow  avia-builder-el-1  el_after_av_fullscreen  avia-builder-el-last  avia-bg-style-scroll container_wrap sidebar_right'  data-section-bg-repeat='no-repeat'><div class='container av-section-cont-open' ><div class='template-page content  av-content-small alpha units'><div class='post-entry post-entry-type-page post-entry-451'><div class='entry-content-wrapper clearfix'>\n<div  class='avia-icon-list-container av-av_iconlist-c9265973fe37925e1675fd541a8fb5d9  avia-builder-el-2  el_before_av_one_half  avia-builder-el-first '><ul class='avia-icon-list avia_animate_when_almost_visible avia-icon-list-left av-iconlist-big av-av_iconlist-c9265973fe37925e1675fd541a8fb5d9 avia-iconlist-animate'>\n<li><div class='iconlist_icon av-av_iconlist_item-24bcdb3bed9484c585775031098af836 avia-font-entypo-fontello avia-iconfont avia-font-entypo-fontello'><span class='av-icon-char' data-av_icon='\ue809' data-av_iconfont='entypo-fontello' aria-hidden=\"true\"><\/span><\/div><article class=\"article-icon-entry av-iconlist-empty\"  itemscope=\"itemscope\" itemtype=\"https:\/\/schema.org\/CreativeWork\" ><div class=\"iconlist_content_wrap\"><header class=\"entry-content-header\" aria-label=\"Ic\u00f4ne : &lt;a href=&#039;http:\/\/www.cnotarial-valencia.com\/&#039; title=&#039;Coll\u00e8ge notarial de Valencia&#039; target=&quot;_blank&quot;  rel=&quot;noopener noreferrer&quot;&gt;Coll\u00e8ge notarial de Valencia&lt;\/a&gt;\"><h4 class='av_iconlist_title iconlist_title  '  itemprop=\"headline\" ><a href=\"http:\/\/www.cnotarial-valencia.com\/\" title=\"Coll\u00e8ge notarial de Valencia\" target=\"_blank\" rel=\"noopener noreferrer\">Coll\u00e8ge notarial de Valencia<\/a><\/h4><\/header><div class='iconlist_content '  itemprop=\"text\" ><\/div><\/div><footer class=\"entry-footer\"><\/footer><\/article><div class=\"iconlist-timeline\"><\/div><\/li>\n<li><div class='iconlist_icon av-av_iconlist_item-874ae1c923b21f8f3b86e82c28663158 avia-font-entypo-fontello avia-iconfont avia-font-entypo-fontello'><span class='av-icon-char' data-av_icon='\ue809' data-av_iconfont='entypo-fontello' aria-hidden=\"true\"><\/span><\/div><article class=\"article-icon-entry av-iconlist-empty\"  itemscope=\"itemscope\" itemtype=\"https:\/\/schema.org\/CreativeWork\" ><div class=\"iconlist_content_wrap\"><header class=\"entry-content-header\" aria-label=\"Ic\u00f4ne : &lt;a href=&#039;http:\/\/www.notariado.org\/&#039; title=&#039;Conseil g\u00e9n\u00e9ral des notaires&#039; target=&quot;_blank&quot;  rel=&quot;noopener noreferrer&quot;&gt;Conseil g\u00e9n\u00e9ral des notaires&lt;\/a&gt;\"><h4 class='av_iconlist_title iconlist_title  '  itemprop=\"headline\" ><a href=\"http:\/\/www.notariado.org\/\" title=\"Conseil g\u00e9n\u00e9ral des notaires\" target=\"_blank\" rel=\"noopener noreferrer\">Conseil g\u00e9n\u00e9ral des notaires<\/a><\/h4><\/header><div class='iconlist_content '  itemprop=\"text\" ><\/div><\/div><footer class=\"entry-footer\"><\/footer><\/article><div class=\"iconlist-timeline\"><\/div><\/li>\n<li><div class='iconlist_icon av-av_iconlist_item-5e479822deadf1a835998e79ce6ec09d avia-font-entypo-fontello avia-iconfont avia-font-entypo-fontello'><span class='av-icon-char' data-av_icon='\ue809' data-av_iconfont='entypo-fontello' aria-hidden=\"true\"><\/span><\/div><article class=\"article-icon-entry av-iconlist-empty\"  itemscope=\"itemscope\" itemtype=\"https:\/\/schema.org\/CreativeWork\" ><div class=\"iconlist_content_wrap\"><header class=\"entry-content-header\" aria-label=\"Ic\u00f4ne : &lt;a href=&#039;http:\/\/www.registradores.org\/&#039; title=&#039;Registraires d\u2019Espagne&#039; target=&quot;_blank&quot;  rel=&quot;noopener noreferrer&quot;&gt;Registraires d\u2019Espagne&lt;\/a&gt;\"><h4 class='av_iconlist_title iconlist_title  '  itemprop=\"headline\" ><a href=\"http:\/\/www.registradores.org\/\" title=\"Registraires d\u2019Espagne\" target=\"_blank\" rel=\"noopener noreferrer\">Registraires d\u2019Espagne<\/a><\/h4><\/header><div class='iconlist_content '  itemprop=\"text\" ><\/div><\/div><footer class=\"entry-footer\"><\/footer><\/article><div class=\"iconlist-timeline\"><\/div><\/li>\n<li><div class='iconlist_icon av-av_iconlist_item-b5390727ccd2abc50d7d97f22d472903 avia-font-entypo-fontello avia-iconfont avia-font-entypo-fontello'><span class='av-icon-char' data-av_icon='\ue809' data-av_iconfont='entypo-fontello' aria-hidden=\"true\"><\/span><\/div><article class=\"article-icon-entry av-iconlist-empty\"  itemscope=\"itemscope\" itemtype=\"https:\/\/schema.org\/CreativeWork\" ><div class=\"iconlist_content_wrap\"><header class=\"entry-content-header\" aria-label=\"Ic\u00f4ne : &lt;a href=&#039;http:\/\/www.elnotario.es&#039; title=&#039;Le notaire du 21\u00e8me si\u00e8cle&#039; target=&quot;_blank&quot;  rel=&quot;noopener noreferrer&quot;&gt;Le notaire du 21\u00e8me si\u00e8cle&lt;\/a&gt;\"><h4 class='av_iconlist_title iconlist_title  '  itemprop=\"headline\" ><a href=\"http:\/\/www.elnotario.es\" title=\"Le notaire du 21\u00e8me si\u00e8cle\" target=\"_blank\" rel=\"noopener noreferrer\">Le notaire du 21\u00e8me si\u00e8cle<\/a><\/h4><\/header><div class='iconlist_content '  itemprop=\"text\" ><\/div><\/div><footer class=\"entry-footer\"><\/footer><\/article><div class=\"iconlist-timeline\"><\/div><\/li>\n<li><div class='iconlist_icon av-av_iconlist_item-2d5519f37cfd5ee0b4a1749734947e53 avia-font-entypo-fontello avia-iconfont avia-font-entypo-fontello'><span class='av-icon-char' data-av_icon='\ue809' data-av_iconfont='entypo-fontello' aria-hidden=\"true\"><\/span><\/div><article class=\"article-icon-entry av-iconlist-empty\"  itemscope=\"itemscope\" itemtype=\"https:\/\/schema.org\/CreativeWork\" ><div class=\"iconlist_content_wrap\"><header class=\"entry-content-header\" aria-label=\"Ic\u00f4ne : &lt;a href=&#039;http:\/\/www.ahe.es\/&#039; title=&#039;Association espagnole des hypoth\u00e8ques&#039; target=&quot;_blank&quot;  rel=&quot;noopener noreferrer&quot;&gt;Association espagnole des hypoth\u00e8ques&lt;\/a&gt;\"><h4 class='av_iconlist_title iconlist_title  '  itemprop=\"headline\" ><a href=\"http:\/\/www.ahe.es\/\" title=\"Association espagnole des hypoth\u00e8ques\" target=\"_blank\" rel=\"noopener noreferrer\">Association espagnole des hypoth\u00e8ques<\/a><\/h4><\/header><div class='iconlist_content '  itemprop=\"text\" ><\/div><\/div><footer class=\"entry-footer\"><\/footer><\/article><div class=\"iconlist-timeline\"><\/div><\/li>\n<li><div class='iconlist_icon av-av_iconlist_item-06357f34b6b00e9c79361efc7c31b3bf avia-font-entypo-fontello avia-iconfont avia-font-entypo-fontello'><span class='av-icon-char' data-av_icon='\ue809' data-av_iconfont='entypo-fontello' aria-hidden=\"true\"><\/span><\/div><article class=\"article-icon-entry av-iconlist-empty\"  itemscope=\"itemscope\" itemtype=\"https:\/\/schema.org\/CreativeWork\" ><div class=\"iconlist_content_wrap\"><header class=\"entry-content-header\" aria-label=\"Ic\u00f4ne : &lt;a href=&#039;http:\/\/www.boe.es&#039; title=&#039;Bulletin officiel de l\u2019Etat&#039; target=&quot;_blank&quot;  rel=&quot;noopener noreferrer&quot;&gt;Bulletin officiel de l\u2019Etat&lt;\/a&gt;\"><h4 class='av_iconlist_title iconlist_title  '  itemprop=\"headline\" ><a href=\"http:\/\/www.boe.es\" title=\"Bulletin officiel de l\u2019Etat\" target=\"_blank\" rel=\"noopener noreferrer\">Bulletin officiel de l\u2019Etat<\/a><\/h4><\/header><div class='iconlist_content '  itemprop=\"text\" ><\/div><\/div><footer class=\"entry-footer\"><\/footer><\/article><div class=\"iconlist-timeline\"><\/div><\/li>\n<li><div class='iconlist_icon av-av_iconlist_item-2333964ec9304580d5b188403967da45 avia-font-entypo-fontello avia-iconfont avia-font-entypo-fontello'><span class='av-icon-char' data-av_icon='\ue809' data-av_iconfont='entypo-fontello' aria-hidden=\"true\"><\/span><\/div><article class=\"article-icon-entry av-iconlist-empty\"  itemscope=\"itemscope\" itemtype=\"https:\/\/schema.org\/CreativeWork\" ><div class=\"iconlist_content_wrap\"><header class=\"entry-content-header\" aria-label=\"Ic\u00f4ne : &lt;a href=&#039;http:\/\/www.circe.es\/&#039; title=&#039;Centre d\u2018information et r\u00e9seau de cr\u00e9ation d\u2019entreprise&#039;&gt;Centre d\u2018information et r\u00e9seau de cr\u00e9ation d\u2019entreprise&lt;\/a&gt;\"><h4 class='av_iconlist_title iconlist_title  '  itemprop=\"headline\" ><a href=\"http:\/\/www.circe.es\/\" title=\"Centre d\u2018information et r\u00e9seau de cr\u00e9ation d\u2019entreprise\" target=\"_blank\" rel=\"noopener\">Centre d\u2018information et r\u00e9seau de cr\u00e9ation d\u2019entreprise<\/a><\/h4><\/header><div class='iconlist_content '  itemprop=\"text\" ><\/div><\/div><footer class=\"entry-footer\"><\/footer><\/article><div class=\"iconlist-timeline\"><\/div><\/li>\n<li><div class='iconlist_icon av-av_iconlist_item-592110640a43582b1174c4fde7ced8df avia-font-entypo-fontello avia-iconfont avia-font-entypo-fontello'><span class='av-icon-char' data-av_icon='\ue800' data-av_iconfont='entypo-fontello' aria-hidden=\"true\"><\/span><\/div><article class=\"article-icon-entry av-iconlist-empty\"  itemscope=\"itemscope\" itemtype=\"https:\/\/schema.org\/CreativeWork\" ><div class=\"iconlist_content_wrap\"><header class=\"entry-content-header\" aria-label=\"Ic\u00f4ne : &lt;a href=&#039;http:\/\/www.notariosyregistradores.com&#039; title=&#039;Notaires et registraires&#039;&gt;Notaires et registraires&lt;\/a&gt;\"><h4 class='av_iconlist_title iconlist_title  '  itemprop=\"headline\" ><a href=\"http:\/\/www.notariosyregistradores.com\" title=\"Notaires et registraires\" target=\"_blank\" rel=\"noopener\">Notaires et registraires<\/a><\/h4><\/header><div class='iconlist_content '  itemprop=\"text\" ><\/div><\/div><footer class=\"entry-footer\"><\/footer><\/article><div class=\"iconlist-timeline\"><\/div><\/li>\n<\/ul><\/div>\n\n<style type=\"text\/css\" data-created_by=\"avia_inline_auto\" id=\"style-css-av-av_one_half-352b07ef7d3bc99b2e9f92e7a9e06bdb\">\n.flex_column.av-av_one_half-352b07ef7d3bc99b2e9f92e7a9e06bdb{\nborder-radius:0px 0px 0px 0px;\npadding:0px 0px 0px 0px;\n}\n<\/style>\n<div  class='flex_column av-av_one_half-352b07ef7d3bc99b2e9f92e7a9e06bdb av_one_half  avia-builder-el-3  el_after_av_iconlist  el_before_av_one_half  first flex_column_div av-zero-column-padding  '     ><p>\n<style type=\"text\/css\" data-created_by=\"avia_inline_auto\" id=\"style-css-av-av_heading-829aaab73a71c2b963266775f6f07cc9\">\n#top .av-special-heading.av-av_heading-829aaab73a71c2b963266775f6f07cc9{\npadding-bottom:10px;\n}\nbody .av-special-heading.av-av_heading-829aaab73a71c2b963266775f6f07cc9 .av-special-heading-tag .heading-char{\nfont-size:25px;\n}\n.av-special-heading.av-av_heading-829aaab73a71c2b963266775f6f07cc9 .av-subheading{\nfont-size:15px;\n}\n<\/style>\n<div  class='av-special-heading av-av_heading-829aaab73a71c2b963266775f6f07cc9 av-special-heading-h3  avia-builder-el-4  el_before_av_codeblock  avia-builder-el-first '><h3 class='av-special-heading-tag '  itemprop=\"headline\"  >Contactez-nous<\/h3><div class=\"special-heading-border\"><div class=\"special-heading-inner-border\"><\/div><\/div><\/div><br \/>\n<\/p><\/div>\n<style type=\"text\/css\" data-created_by=\"avia_inline_auto\" id=\"style-css-av-av_one_half-2a64de42b738552fe666ca889af77e28\">\n.flex_column.av-av_one_half-2a64de42b738552fe666ca889af77e28{\nborder-radius:0px 0px 0px 0px;\npadding:0px 0px 0px 0px;\n}\n<\/style>\n<div  class='flex_column av-av_one_half-2a64de42b738552fe666ca889af77e28 av_one_half  avia-builder-el-6  el_after_av_one_half  avia-builder-el-last  flex_column_div av-zero-column-padding  '     ><p>\n<style type=\"text\/css\" data-created_by=\"avia_inline_auto\" id=\"style-css-av-av_heading-a759b0a4174fc9c0010eeadf18dd9208\">\n#top .av-special-heading.av-av_heading-a759b0a4174fc9c0010eeadf18dd9208{\npadding-bottom:10px;\n}\nbody .av-special-heading.av-av_heading-a759b0a4174fc9c0010eeadf18dd9208 .av-special-heading-tag .heading-char{\nfont-size:25px;\n}\n.av-special-heading.av-av_heading-a759b0a4174fc9c0010eeadf18dd9208 .av-subheading{\nfont-size:15px;\n}\n<\/style>\n<div  class='av-special-heading av-av_heading-a759b0a4174fc9c0010eeadf18dd9208 av-special-heading-h3  avia-builder-el-7  el_before_av_textblock  avia-builder-el-first '><h3 class='av-special-heading-tag '  itemprop=\"headline\"  >O\u00f9 sommes-nous<\/h3><div class=\"special-heading-border\"><div class=\"special-heading-inner-border\"><\/div><\/div><\/div><br \/>\n<section  class='av_textblock_section av-ki1p1qvj-725ba71ffb1b81ff3ea516bf09df6cbb '   itemscope=\"itemscope\" itemtype=\"https:\/\/schema.org\/CreativeWork\" ><div class='avia_textblock'  itemprop=\"text\" ><p>C\/General Lacy, n\u00ba 5, 2\u00ba 03003 Alicante<br \/>\nT\u00e9l\u00e9phone: 965985035<br \/>\nFax: 965985028<\/p>\n<\/div><\/section><br \/>\n<\/p><\/div><\/div><\/div><\/div><!-- close content main div --><\/div><\/div><div id='after_section_1'  class='main_color av_default_container_wrap container_wrap sidebar_right'  ><div class='container av-section-cont-open' ><div class='template-page content  av-content-small alpha units'><div class='post-entry post-entry-type-page post-entry-451'><div class='entry-content-wrapper clearfix'>\n","protected":false},"excerpt":{"rendered":"","protected":false},"author":1,"featured_media":0,"parent":0,"menu_order":0,"comment_status":"closed","ping_status":"closed","template":"","meta":{"footnotes":""},"class_list":["post-451","page","type-page","status-publish","hentry"],"_links":{"self":[{"href":"https:\/\/notariamariosignes.com\/fr\/wp-json\/wp\/v2\/pages\/451","targetHints":{"allow":["GET"]}}],"collection":[{"href":"https:\/\/notariamariosignes.com\/fr\/wp-json\/wp\/v2\/pages"}],"about":[{"href":"https:\/\/notariamariosignes.com\/fr\/wp-json\/wp\/v2\/types\/page"}],"author":[{"embeddable":true,"href":"https:\/\/notariamariosignes.com\/fr\/wp-json\/wp\/v2\/users\/1"}],"replies":[{"embeddable":true,"href":"https:\/\/notariamariosignes.com\/fr\/wp-json\/wp\/v2\/comments?post=451"}],"version-history":[{"count":3,"href":"https:\/\/notariamariosignes.com\/fr\/wp-json\/wp\/v2\/pages\/451\/revisions"}],"predecessor-version":[{"id":728,"href":"https:\/\/notariamariosignes.com\/fr\/wp-json\/wp\/v2\/pages\/451\/revisions\/728"}],"wp:attachment":[{"href":"https:\/\/notariamariosignes.com\/fr\/wp-json\/wp\/v2\/media?parent=451"}],"curies":[{"name":"wp","href":"https:\/\/api.w.org\/{rel}","templated":true}]}}